{"id":103,"date":"2014-09-20T13:11:17","date_gmt":"2014-09-20T13:11:17","guid":{"rendered":"http:\/\/gata.ese.ipp.pt\/?page_id=103"},"modified":"2023-09-19T09:00:16","modified_gmt":"2023-09-19T09:00:16","slug":"gata","status":"publish","type":"page","link":"https:\/\/gata.ese.ipp.pt\/","title":{"rendered":"G.A.T.A."},"content":{"rendered":"<div id=\"pl-103\"  class=\"panel-layout\" ><div id=\"pg-103-0\"  class=\"panel-grid panel-no-style\" ><div id=\"pgc-103-0-0\"  class=\"panel-grid-cell panel-grid-cell-empty panel-grid-cell-mobile-last\" ><\/div><div id=\"pgc-103-0-1\"  class=\"panel-grid-cell panel-grid-cell-empty\" ><\/div><\/div><div id=\"pg-103-1\"  class=\"panel-grid panel-no-style\" ><div id=\"pgc-103-1-0\"  class=\"panel-grid-cell panel-grid-cell-empty\" ><\/div><div id=\"pgc-103-1-1\"  class=\"panel-grid-cell panel-grid-cell-empty panel-grid-cell-mobile-last\" ><\/div><div id=\"pgc-103-1-2\"  class=\"panel-grid-cell panel-grid-cell-empty\" ><\/div><\/div><div id=\"pg-103-2\"  class=\"panel-grid panel-no-style\" ><div id=\"pgc-103-2-0\"  class=\"panel-grid-cell\" ><div id=\"panel-103-2-0-0\" class=\"so-panel widget widget_media_image panel-first-child panel-last-child\" data-index=\"0\" ><img fetchpriority=\"high\" decoding=\"async\" width=\"289\" height=\"564\" src=\"https:\/\/gata.ese.ipp.pt\/wp-content\/uploads\/2014\/09\/GATA-2.png\" class=\"image wp-image-431  attachment-full size-full\" alt=\"\" style=\"max-width: 100%; height: auto;\" srcset=\"https:\/\/gata.ese.ipp.pt\/wp-content\/uploads\/2014\/09\/GATA-2.png 289w, https:\/\/gata.ese.ipp.pt\/wp-content\/uploads\/2014\/09\/GATA-2-154x300.png 154w\" sizes=\"(max-width: 289px) 100vw, 289px\" \/><\/div><\/div><div id=\"pgc-103-2-1\"  class=\"panel-grid-cell\" ><div id=\"panel-103-2-1-0\" class=\"so-panel widget widget_sow-editor panel-first-child panel-last-child\" data-index=\"1\" ><div\n\t\t\t\n\t\t\tclass=\"so-widget-sow-editor so-widget-sow-editor-base\"\n\t\t\t\n\t\t>\n<div class=\"siteorigin-widget-tinymce textwidget\">\n\t<p><strong>O que \u00e9 o G.A.T.A \u2013 Grupo de Apoio ao Trabalho Acad\u00e9mico?<\/strong><\/p>\n<hr \/>\n<ul>\n<li>Um grupo que est\u00e1 atento \u00e0s motiva\u00e7\u00f5es e experi\u00eancias dos estudantes no Ensino Superior (ES);<\/li>\n<li>Um grupo que se interessa pelo sucesso acad\u00e9mico dos estudantes;<\/li>\n<li>Um grupo que valoriza a coopera\u00e7\u00e3o entre estudantes e professores\/as.<\/li>\n<\/ul>\n<p><strong>O que o G.A.T.A n\u00e3o \u00e9:<\/strong><\/p>\n<ul>\n<li>Um servi\u00e7o administrativo da ESE;<\/li>\n<li>Um servi\u00e7o de acompanhamento psicossocial.<\/li>\n<\/ul>\n<p><strong>O que o fazemos no G.A.T.A. ?<\/strong><\/p>\n<ul>\n<li>Estudamos as dificuldades de integra\u00e7\u00e3o dos estudantes no E.S e procuramos solu\u00e7\u00f5es em conjunto;<\/li>\n<li>Promovemos a participa\u00e7\u00e3o em projetos que ajudem a compreender as principais dificuldades de estudo, pesquisa, etc;<\/li>\n<li>Ajudamos a valorizar as experi\u00eancias profissionais como fundamentais para o sucesso acad\u00e9mico;<\/li>\n<li>Acompanhamos os estudantes no seu percurso acad\u00e9mico;<\/li>\n<li>Fazemos investiga\u00e7\u00e3o sobre as praticas estudantis;<\/li>\n<li>Disponibilizamos informa\u00e7\u00e3o online;<\/li>\n<li>Fazemos apoio acad\u00e9mico online.<\/li>\n<\/ul>\n<p><strong>Quem somos?<\/strong><\/p>\n<p>Um grupo de professores e estudantes que aposta na participa\u00e7\u00e3o e coopera\u00e7\u00e3o, como fundamental para o sucesso acad\u00e9mico e de vida.<\/p>\n<p><strong>Coordena\u00e7\u00e3o:<\/strong> Pedro Duarte e Carina Coelho<\/p>\n<p><strong>contacta-nos:<\/strong> gata@ese.ipp.pt<\/p>\n<\/div>\n<\/div><\/div><\/div><\/div><\/div>","protected":false},"excerpt":{"rendered":"<p>O que \u00e9 o G.A.T.A \u2013 Grupo de Apoio ao Trabalho Acad\u00e9mico? Um grupo que est\u00e1 atento \u00e0s motiva\u00e7\u00f5es e experi\u00eancias dos estudantes no Ensino Superior (ES); Um grupo que se interessa pelo sucesso acad\u00e9mico dos estudantes; Um grupo que valoriza a coopera\u00e7\u00e3o entre estudantes e professores\/as. O que o G.A.T.A n\u00e3o \u00e9: Um servi\u00e7o &hellip; <a href=\"https:\/\/gata.ese.ipp.pt\/\" class=\"more-link\">Continue reading<span class=\"screen-reader-text\"> &#8220;G.A.T.A.&#8221;<\/span><\/a><\/p>\n","protected":false},"author":2,"featured_media":0,"parent":0,"menu_order":0,"comment_status":"open","ping_status":"closed","template":"template-full-width-page.php","meta":{"footnotes":""},"class_list":["post-103","page","type-page","status-publish","hentry"],"_links":{"self":[{"href":"https:\/\/gata.ese.ipp.pt\/index.php?rest_route=\/wp\/v2\/pages\/103","targetHints":{"allow":["GET"]}}],"collection":[{"href":"https:\/\/gata.ese.ipp.pt\/index.php?rest_route=\/wp\/v2\/pages"}],"about":[{"href":"https:\/\/gata.ese.ipp.pt\/index.php?rest_route=\/wp\/v2\/types\/page"}],"author":[{"embeddable":true,"href":"https:\/\/gata.ese.ipp.pt\/index.php?rest_route=\/wp\/v2\/users\/2"}],"replies":[{"embeddable":true,"href":"https:\/\/gata.ese.ipp.pt\/index.php?rest_route=%2Fwp%2Fv2%2Fcomments&post=103"}],"version-history":[{"count":109,"href":"https:\/\/gata.ese.ipp.pt\/index.php?rest_route=\/wp\/v2\/pages\/103\/revisions"}],"predecessor-version":[{"id":1033,"href":"https:\/\/gata.ese.ipp.pt\/index.php?rest_route=\/wp\/v2\/pages\/103\/revisions\/1033"}],"wp:attachment":[{"href":"https:\/\/gata.ese.ipp.pt\/index.php?rest_route=%2Fwp%2Fv2%2Fmedia&parent=103"}],"curies":[{"name":"wp","href":"https:\/\/api.w.org\/{rel}","templated":true}]}}