{"id":117,"date":"2014-10-31T15:40:18","date_gmt":"2014-10-31T15:40:18","guid":{"rendered":"http:\/\/gata.ese.ipp.pt\/?page_id=117"},"modified":"2018-11-12T10:40:08","modified_gmt":"2018-11-12T10:40:08","slug":"ligacoes","status":"publish","type":"page","link":"https:\/\/gata.ese.ipp.pt\/?page_id=117","title":{"rendered":"Liga\u00e7\u00f5es"},"content":{"rendered":"<div id=\"Text8\" class=\"widget Text\">\n<p><u><a href=\"http:\/\/cordis.europa.eu\/eu-funding-guide\/finding-sources_en.html\">A route to the relevant funding sources<\/a><\/u><\/p>\n<p><u><a href=\"http:\/\/cordis.europa.eu\/mariecurie-actions\/\">Ac\u00e7\u00f5es Marie Curie<\/a><\/u><\/p>\n<p><u><a href=\"http:\/\/www.catalogo.anqep.gov.pt\/Home\/QNQ\">Cat\u00e1logo Nacional de Qualifica\u00e7\u00f5es<\/a><\/u><\/p>\n<p><u><a href=\"http:\/\/ec.europa.eu\/index_pt.htm\">Comiss\u00e3o Europeia<\/a><\/u><\/p>\n<p><u><a href=\"https:\/\/www.ipp.pt\/noticias\/contigo-desde-o-primeiro-dia\">Contigo desde do primeiro dia<\/a><\/u><\/p>\n<p><u><a href=\"http:\/\/recipp.ipp.pt\/simple-search?query=Luis+Rothes&amp;submit=Enviar\">Educa\u00e7\u00e3o de Adultos \/ Repositorio IPP<\/a><\/u><\/p>\n<p><u><a href=\"http:\/\/www.a-pagina-da-educacao.pt\/\">ENQA- European Agency for Quality Assurance in High Superior Education<\/a><\/u><\/p>\n<p><u><a href=\"http:\/\/www.gppq.fct.pt\/h2020\/h2020.php\">Gabinete de promo\u00e7\u00e3o do Programa Quadro de I&amp;DT<\/a><\/u><\/p>\n<p><u><a href=\"http:\/\/gri.ese.ipp.pt\/\">Gabinete de Rela\u00e7\u00f5es Internacionais<\/a><\/u><\/p>\n<p><u><a href=\"http:\/\/pt-europa.proalv.pt\/Enterprise%20Portals\/SystemFiles\/Downloads\/fiches_pt.pdf\">Guia do Programa Financiamento PALV\/LLL<\/a><\/u><\/p>\n<p><u><a href=\"http:\/\/www.tandfonline.com\/toc\/cher20\/current\">Higher Education research &amp; development<\/a><\/u><\/p>\n<p><u><a href=\"http:\/\/ec.europa.eu\/programmes\/horizon2020\/\">Horizonte 2020<\/a><\/u><\/p>\n<p><u><a href=\"http:\/\/www.ove-national.education.fr\/publications\/autres-ouvrages\">Observatoire\u00a0 de la Vie \u00c9tudiente<\/a><\/u><\/p>\n<p><u><a href=\"http:\/\/www.opest.ul.pt\/pdf\/SucessoescolarUL200708.pdf\">Observat\u00f3rio do persurso escolar <\/a><\/u><\/p>\n<p><u><a href=\"http:\/\/ec.europa.eu\/programmes\/horizon2020\/en\/how-get-funding\">Os Fundos Europeus<\/a><\/u><\/p>\n<p><u><a href=\"http:\/\/cordis.europa.eu\/eu-funding-guide\/home_en.html\">Practical Guide for EU Funding<\/a><\/u><\/p>\n<p><u><a href=\"http:\/\/cordis.europa.eu\/home_en.html\">Programa CORDIS<\/a><\/u><\/p>\n<p><u><a href=\"http:\/\/recipp.ipp.pt\/browse?type=author&amp;value=Correia%2C+Ana+Maria+Ramalho\">Reposit\u00f3rio do IPP<\/a><\/u><\/p>\n<p><u><a href=\"https:\/\/www.srhe.ac.uk\/\">The Society for Research into Higher Education<\/a><\/u><\/p>\n<\/div>\n<div id=\"LinkList1\" class=\"widget LinkList\">\n<h2>Centros de Investiga\u00e7\u00e3o\/Research Centers<\/h2>\n<div class=\"widget-content\">\n<ul>\n<li><a href=\"http:\/\/cipem.wordpress.com\/\">CIPEM-Centro de Investiga\u00e7\u00e3o em psicologia da Musica e de Educa\u00e7\u00e3o Musical<\/a><\/li>\n<li><a href=\"http:\/\/www.ese.ipp.pt\/investiga\/index_ined.html\">InED- Centro de Investiga\u00e7\u00e3o e Inova\u00e7\u00e3o em Educa\u00e7\u00e3o &#8211; ESE\/IPP<\/a><\/li>\n<\/ul>\n<h2><\/h2>\n<h2>Link para o Facebook do G.A.T.A.<\/h2>\n<p>https:\/\/www.facebook.com\/groups\/1172117369529528\/<\/p>\n<\/div>\n<\/div>\n","protected":false},"excerpt":{"rendered":"<p>A route to the relevant funding sources Ac\u00e7\u00f5es Marie Curie Cat\u00e1logo Nacional de Qualifica\u00e7\u00f5es Comiss\u00e3o Europeia Contigo desde do primeiro dia Educa\u00e7\u00e3o de Adultos \/ Repositorio IPP ENQA- European Agency for Quality Assurance in High Superior Education Gabinete de promo\u00e7\u00e3o do Programa Quadro de I&amp;DT Gabinete de Rela\u00e7\u00f5es Internacionais Guia do Programa Financiamento PALV\/LLL Higher &hellip; <a href=\"https:\/\/gata.ese.ipp.pt\/?page_id=117\" class=\"more-link\">Continue reading<span class=\"screen-reader-text\"> &#8220;Liga\u00e7\u00f5es&#8221;<\/span><\/a><\/p>\n","protected":false},"author":2,"featured_media":0,"parent":0,"menu_order":0,"comment_status":"open","ping_status":"open","template":"","meta":{"footnotes":""},"class_list":["post-117","page","type-page","status-publish","hentry"],"_links":{"self":[{"href":"https:\/\/gata.ese.ipp.pt\/index.php?rest_route=\/wp\/v2\/pages\/117","targetHints":{"allow":["GET"]}}],"collection":[{"href":"https:\/\/gata.ese.ipp.pt\/index.php?rest_route=\/wp\/v2\/pages"}],"about":[{"href":"https:\/\/gata.ese.ipp.pt\/index.php?rest_route=\/wp\/v2\/types\/page"}],"author":[{"embeddable":true,"href":"https:\/\/gata.ese.ipp.pt\/index.php?rest_route=\/wp\/v2\/users\/2"}],"replies":[{"embeddable":true,"href":"https:\/\/gata.ese.ipp.pt\/index.php?rest_route=%2Fwp%2Fv2%2Fcomments&post=117"}],"version-history":[{"count":12,"href":"https:\/\/gata.ese.ipp.pt\/index.php?rest_route=\/wp\/v2\/pages\/117\/revisions"}],"predecessor-version":[{"id":807,"href":"https:\/\/gata.ese.ipp.pt\/index.php?rest_route=\/wp\/v2\/pages\/117\/revisions\/807"}],"wp:attachment":[{"href":"https:\/\/gata.ese.ipp.pt\/index.php?rest_route=%2Fwp%2Fv2%2Fmedia&parent=117"}],"curies":[{"name":"wp","href":"https:\/\/api.w.org\/{rel}","templated":true}]}}