{"id":1371,"date":"2026-01-14T11:42:36","date_gmt":"2026-01-14T11:42:36","guid":{"rendered":"https:\/\/gata.ese.ipp.pt\/?page_id=1371"},"modified":"2026-01-20T15:34:25","modified_gmt":"2026-01-20T15:34:25","slug":"iii-seminario-invisibilidades-no-trabalho-academico","status":"publish","type":"page","link":"https:\/\/gata.ese.ipp.pt\/?page_id=1371","title":{"rendered":"(In)Visibilidades no trabalho acad\u00e9mico\u202f"},"content":{"rendered":"\t\t<div data-elementor-type=\"wp-page\" data-elementor-id=\"1371\" class=\"elementor elementor-1371\">\n\t\t\t\t<div class=\"elementor-element elementor-element-20a6fe8 e-flex e-con-boxed e-con e-parent\" data-id=\"20a6fe8\" data-element_type=\"container\" data-e-type=\"container\">\n\t\t\t\t\t<div class=\"e-con-inner\">\n\t\t\t\t<div class=\"elementor-element elementor-element-2b1e05e elementor-widget elementor-widget-button\" data-id=\"2b1e05e\" data-element_type=\"widget\" data-e-type=\"widget\" data-widget_type=\"button.default\">\n\t\t\t\t<div class=\"elementor-widget-container\">\n\t\t\t\t\t\t\t\t\t<div class=\"elementor-button-wrapper\">\n\t\t\t\t\t<a class=\"elementor-button elementor-button-link elementor-size-sm\" href=\"https:\/\/gata.ese.ipp.pt\/?page_id=1371\">\n\t\t\t\t\t\t<span class=\"elementor-button-content-wrapper\">\n\t\t\t\t\t\t\t\t\t<span class=\"elementor-button-text\">In\u00edcio<\/span>\n\t\t\t\t\t<\/span>\n\t\t\t\t\t<\/a>\n\t\t\t\t<\/div>\n\t\t\t\t\t\t\t\t<\/div>\n\t\t\t\t<\/div>\n\t\t\t\t<div class=\"elementor-element elementor-element-d8f1213 elementor-widget elementor-widget-button\" data-id=\"d8f1213\" data-element_type=\"widget\" data-e-type=\"widget\" data-widget_type=\"button.default\">\n\t\t\t\t<div class=\"elementor-widget-container\">\n\t\t\t\t\t\t\t\t\t<div class=\"elementor-button-wrapper\">\n\t\t\t\t\t<a class=\"elementor-button elementor-button-link elementor-size-sm\" href=\"https:\/\/gata.ese.ipp.pt\/?page_id=1418\">\n\t\t\t\t\t\t<span class=\"elementor-button-content-wrapper\">\n\t\t\t\t\t\t\t\t\t<span class=\"elementor-button-text\">Programa<\/span>\n\t\t\t\t\t<\/span>\n\t\t\t\t\t<\/a>\n\t\t\t\t<\/div>\n\t\t\t\t\t\t\t\t<\/div>\n\t\t\t\t<\/div>\n\t\t\t\t<div class=\"elementor-element elementor-element-dc1fb87 elementor-widget elementor-widget-button\" data-id=\"dc1fb87\" data-element_type=\"widget\" data-e-type=\"widget\" data-widget_type=\"button.default\">\n\t\t\t\t<div class=\"elementor-widget-container\">\n\t\t\t\t\t\t\t\t\t<div class=\"elementor-button-wrapper\">\n\t\t\t\t\t<a class=\"elementor-button elementor-button-link elementor-size-sm\" href=\"https:\/\/gata.ese.ipp.pt\/?page_id=1387\">\n\t\t\t\t\t\t<span class=\"elementor-button-content-wrapper\">\n\t\t\t\t\t\t\t\t\t<span class=\"elementor-button-text\">Organiza\u00e7\u00e3o<\/span>\n\t\t\t\t\t<\/span>\n\t\t\t\t\t<\/a>\n\t\t\t\t<\/div>\n\t\t\t\t\t\t\t\t<\/div>\n\t\t\t\t<\/div>\n\t\t\t\t<div class=\"elementor-element elementor-element-a69c7c4 elementor-widget elementor-widget-button\" data-id=\"a69c7c4\" data-element_type=\"widget\" data-e-type=\"widget\" data-widget_type=\"button.default\">\n\t\t\t\t<div class=\"elementor-widget-container\">\n\t\t\t\t\t\t\t\t\t<div class=\"elementor-button-wrapper\">\n\t\t\t\t\t<a class=\"elementor-button elementor-button-link elementor-size-sm\" href=\"https:\/\/gata.ese.ipp.pt\/?page_id=1388\">\n\t\t\t\t\t\t<span class=\"elementor-button-content-wrapper\">\n\t\t\t\t\t\t\t\t\t<span class=\"elementor-button-text\">Submiss\u00e3o de resumos<\/span>\n\t\t\t\t\t<\/span>\n\t\t\t\t\t<\/a>\n\t\t\t\t<\/div>\n\t\t\t\t\t\t\t\t<\/div>\n\t\t\t\t<\/div>\n\t\t\t\t<div class=\"elementor-element elementor-element-601e87e elementor-widget elementor-widget-button\" data-id=\"601e87e\" data-element_type=\"widget\" data-e-type=\"widget\" data-widget_type=\"button.default\">\n\t\t\t\t<div class=\"elementor-widget-container\">\n\t\t\t\t\t\t\t\t\t<div class=\"elementor-button-wrapper\">\n\t\t\t\t\t<a class=\"elementor-button elementor-button-link elementor-size-sm\" href=\"https:\/\/gata.ese.ipp.pt\/?page_id=1386\">\n\t\t\t\t\t\t<span class=\"elementor-button-content-wrapper\">\n\t\t\t\t\t\t\t\t\t<span class=\"elementor-button-text\">Inscri\u00e7\u00e3o<\/span>\n\t\t\t\t\t<\/span>\n\t\t\t\t\t<\/a>\n\t\t\t\t<\/div>\n\t\t\t\t\t\t\t\t<\/div>\n\t\t\t\t<\/div>\n\t\t\t\t\t<\/div>\n\t\t\t\t<\/div>\n\t\t<div class=\"elementor-element elementor-element-a865788 e-flex e-con-boxed e-con e-parent\" data-id=\"a865788\" data-element_type=\"container\" data-e-type=\"container\">\n\t\t\t\t\t<div class=\"e-con-inner\">\n\t\t\t\t<div class=\"elementor-element elementor-element-cee54e7 elementor-widget elementor-widget-image\" data-id=\"cee54e7\" data-element_type=\"widget\" data-e-type=\"widget\" data-widget_type=\"image.default\">\n\t\t\t\t<div class=\"elementor-widget-container\">\n\t\t\t\t\t\t\t\t\t\t\t\t\t\t\t<img fetchpriority=\"high\" decoding=\"async\" width=\"954\" height=\"545\" src=\"https:\/\/gata.ese.ipp.pt\/wp-content\/uploads\/2026\/01\/GATA_2-1024x585.png\" class=\"attachment-large size-large wp-image-1493\" alt=\"\" srcset=\"https:\/\/gata.ese.ipp.pt\/wp-content\/uploads\/2026\/01\/GATA_2-1024x585.png 1024w, https:\/\/gata.ese.ipp.pt\/wp-content\/uploads\/2026\/01\/GATA_2-300x171.png 300w, https:\/\/gata.ese.ipp.pt\/wp-content\/uploads\/2026\/01\/GATA_2-768x439.png 768w, https:\/\/gata.ese.ipp.pt\/wp-content\/uploads\/2026\/01\/GATA_2-954x545.png 954w, https:\/\/gata.ese.ipp.pt\/wp-content\/uploads\/2026\/01\/GATA_2.png 1344w\" sizes=\"(max-width: 954px) 100vw, 954px\" \/>\t\t\t\t\t\t\t\t\t\t\t\t\t\t\t<\/div>\n\t\t\t\t<\/div>\n\t\t\t\t\t<\/div>\n\t\t\t\t<\/div>\n\t\t<div class=\"elementor-element elementor-element-75f98eb e-flex e-con-boxed e-con e-parent\" data-id=\"75f98eb\" data-element_type=\"container\" data-e-type=\"container\">\n\t\t\t\t\t<div class=\"e-con-inner\">\n\t\t\t\t<div class=\"elementor-element elementor-element-428e5654 elementor-widget elementor-widget-text-editor\" data-id=\"428e5654\" data-element_type=\"widget\" data-e-type=\"widget\" data-widget_type=\"text-editor.default\">\n\t\t\t\t<div class=\"elementor-widget-container\">\n\t\t\t\t\t\t\t\t\t<p>\n\n<\/p>\n<div class=\"is-layout-flex wp-block-buttons-is-layout-flex\">\n<p>\n\n<\/p>\n<p style=\"text-align: justify;\">O Grupo de Apoio ao Trabalho Acad\u00e9mico (G.A.T.A.) assumiu desde a sua funda\u00e7\u00e3o o compromisso de acompanhar as e os estudantes da Escola Superior de Educa\u00e7\u00e3o do Polit\u00e9cnico do Porto (ESE P.PORTO), com o prop\u00f3sito de estreitar as rela\u00e7\u00f5es de colabora\u00e7\u00e3o entre as e os estudantes e entre as e os estudantes e as professoras e os professores, e de promover o sucesso acad\u00e9mico de todas e todos. Hoje, o G.A.T.A. continua a acreditar que o sucesso acad\u00e9mico n\u00e3o \u00e9 uma constru\u00e7\u00e3o individual, mas antes, um percurso pedag\u00f3gico que precisa de partilha e de co-constru\u00e7\u00e3o de saberes.<\/p>\n<p>\n\n<\/p>\n<p style=\"text-align: justify;\">Nos dias <b>2 e 3 de mar\u00e7o de 2026<\/b>, ter\u00e1 lugar o <b>III Semin\u00e1rio do G.A.T.A. &#8211; (In)Visibilidades no trabalho acad\u00e9mico <\/b>, na ESE P.PORTO, que visa ser um encontro dedicado \u00e0 partilha e valoriza\u00e7\u00e3o de trabalhos das e dos estudantes da ESE P.PORTO que abordem diferentes desafios contempor\u00e2neos da educa\u00e7\u00e3o. Pretende-se criar um espa\u00e7o de reflex\u00e3o cr\u00edtica sobre (in)visibilidades epist\u00e9micas, art\u00edsticas, sociais, lingu\u00edsticas e pedag\u00f3gicas, considerando diferentes estruturas de exclus\u00e3o e inclus\u00e3o<\/p>\n<p style=\"text-align: justify;\">Partimos da ideia de que a educa\u00e7\u00e3o deve ser um espa\u00e7o de co-constru\u00e7\u00e3o de saberes, onde o di\u00e1logo e a colabora\u00e7\u00e3o entre estudantes, docentes e outros profissionais surgem como essenciais para a promo\u00e7\u00e3o de uma sociedade mais justa e equitativa. Este evento visa, assim, dar visibilidade a trabalhos que, muitas vezes, permanecem invis\u00edveis, e criar um espa\u00e7o de discuss\u00e3o coletiva, com o prop\u00f3sito de provocar a reflex\u00e3o cr\u00edtica em torno das pr\u00e1ticas educativas e sociais e a viv\u00eancia de uma democracia mais plena.<\/p>\n<p style=\"text-align: justify;\"><span style=\"color: var( --e-global-color-text ); font-family: var( --e-global-typography-text-font-family ), Sans-serif; font-weight: var( --e-global-typography-text-font-weight ); font-size: 1.125rem;\">O evento contar\u00e1 tamb\u00e9m com duas sess\u00f5es plen\u00e1rias em que duas figuras de relevo da comunidade educativa do Ensino Superior oferecer\u00e3o pistas de reflex\u00e3o e discuss\u00e3o sobre o trabalho acad\u00e9mico, neste contexto formativo.<\/span><\/p>\n<p><strong>DATA:<\/strong> 2 e 3 de mar\u00e7o de 2026<\/p>\n<p>\n\n<\/p>\n<p><strong>LOCAL:<\/strong> Escola Superior de Educa\u00e7\u00e3o do Porto<\/p>\n<p><span data-olk-copy-source=\"MessageBody\">O semin\u00e1rio procurar\u00e1 assegurar a tradu\u00e7\u00e3o e interpreta\u00e7\u00e3o simult\u00e2nea para l\u00edngua gestual portuguesa. <br \/><\/span><\/p>\n<p>\n\n\n\n<\/p>\n<p><strong>OBJETIVOS<\/strong><\/p>\n<p>\n\n<\/p>\n<ul class=\"wp-block-list\">\n<li style=\"list-style-type: none;\">\n<ul><\/ul>\n<\/li>\n<\/ul>\n<ul>\n<li style=\"list-style-type: none;\">\n<ul>\n<li style=\"text-align: justify;\">Partilhar os trabalhos acad\u00e9micos realizados por estudantes da ESE P.PORTO, privilegiando olhares multiperspetivados e interdisciplinares;<\/li>\n<\/ul>\n<\/li>\n<\/ul>\n<p>\n\n<\/p>\n<ul>\n<li style=\"list-style-type: none;\">\n<ul>\n<li style=\"text-align: justify;\">Facilitar a discuss\u00e3o sobre a natureza do trabalho acad\u00e9mico e do conhecimento cient\u00edfico;<\/li>\n<\/ul>\n<\/li>\n<\/ul>\n<p>\n\n<\/p>\n<ul>\n<li style=\"list-style-type: none;\">\n<ul>\n<li style=\"text-align: justify;\">Criar condi\u00e7\u00f5es de melhor compreens\u00e3o das din\u00e2micas subjacentes a encontros acad\u00e9micos, por parte de estudantes da ESE P.PORTO;<\/li>\n<\/ul>\n<\/li>\n<\/ul>\n<p>\n\n<\/p>\n<ul>\n<li style=\"list-style-type: none;\">\n<ul>\n<li style=\"text-align: justify;\">Discutir o &#8220;lugar&#8221; dos trabalhos acad\u00e9micos nos diferentes percursos formativos de estudantes do Ensino Superior.<\/li>\n<\/ul>\n<\/li>\n<\/ul>\n<p><\/p>\n<p>\n\n<\/p>\n<div class=\"is-layout-flow wp-block-group-is-layout-flow\" style=\"color: #000000; background-color: #ffffff;\"><div class=\"wp-block-group__inner-container\">\n<p><\/p>\n<h2 class=\"wp-block-heading\" style=\"font-size: 59px; line-height: 1.15; text-align: center;\"><strong>Inscreve-te<\/strong><\/h2>\n<p>\n\n<\/p>\n<p class=\"is-horizontal is-content-justification-center is-layout-flex wp-container-core-buttons-is-layout-499968f5 wp-block-buttons-is-layout-flex\"><\/p>\n<\/div><\/div>\n<p><\/p>\n\t\t\t\t\t\t\t\t<\/div>\n\t\t\t\t<\/div>\n\t\t\t\t\t<\/div>\n\t\t\t\t<\/div>\n\t\t<div class=\"elementor-element elementor-element-70cb574 e-flex e-con-boxed e-con e-parent\" data-id=\"70cb574\" data-element_type=\"container\" data-e-type=\"container\">\n\t\t\t\t\t<div class=\"e-con-inner\">\n\t\t<div class=\"elementor-element elementor-element-22527d8 e-flex e-con-boxed e-con e-child\" data-id=\"22527d8\" data-element_type=\"container\" data-e-type=\"container\">\n\t\t\t\t\t<div class=\"e-con-inner\">\n\t\t\t\t<div class=\"elementor-element elementor-element-ae82263 elementor-align-center elementor-widget elementor-widget-button\" data-id=\"ae82263\" data-element_type=\"widget\" data-e-type=\"widget\" data-widget_type=\"button.default\">\n\t\t\t\t<div class=\"elementor-widget-container\">\n\t\t\t\t\t\t\t\t\t<div class=\"elementor-button-wrapper\">\n\t\t\t\t\t<a class=\"elementor-button elementor-button-link elementor-size-sm\" href=\"https:\/\/forms.office.com\/e\/uq225JQv2x\">\n\t\t\t\t\t\t<span class=\"elementor-button-content-wrapper\">\n\t\t\t\t\t\t\t\t\t<span class=\"elementor-button-text\">Inscri\u00e7\u00e3o<\/span>\n\t\t\t\t\t<\/span>\n\t\t\t\t\t<\/a>\n\t\t\t\t<\/div>\n\t\t\t\t\t\t\t\t<\/div>\n\t\t\t\t<\/div>\n\t\t\t\t\t<\/div>\n\t\t\t\t<\/div>\n\t\t\t\t\t<\/div>\n\t\t\t\t<\/div>\n\t\t\t\t<\/div>\n\t\t","protected":false},"excerpt":{"rendered":"<p>In\u00edcio Programa Organiza\u00e7\u00e3o Submiss\u00e3o de resumos Inscri\u00e7\u00e3o<\/p>\n","protected":false},"author":2,"featured_media":0,"parent":0,"menu_order":0,"comment_status":"closed","ping_status":"closed","template":"template-full-width-page.php","meta":{"footnotes":""},"class_list":["post-1371","page","type-page","status-publish","hentry"],"_links":{"self":[{"href":"https:\/\/gata.ese.ipp.pt\/index.php?rest_route=\/wp\/v2\/pages\/1371","targetHints":{"allow":["GET"]}}],"collection":[{"href":"https:\/\/gata.ese.ipp.pt\/index.php?rest_route=\/wp\/v2\/pages"}],"about":[{"href":"https:\/\/gata.ese.ipp.pt\/index.php?rest_route=\/wp\/v2\/types\/page"}],"author":[{"embeddable":true,"href":"https:\/\/gata.ese.ipp.pt\/index.php?rest_route=\/wp\/v2\/users\/2"}],"replies":[{"embeddable":true,"href":"https:\/\/gata.ese.ipp.pt\/index.php?rest_route=%2Fwp%2Fv2%2Fcomments&post=1371"}],"version-history":[{"count":55,"href":"https:\/\/gata.ese.ipp.pt\/index.php?rest_route=\/wp\/v2\/pages\/1371\/revisions"}],"predecessor-version":[{"id":1604,"href":"https:\/\/gata.ese.ipp.pt\/index.php?rest_route=\/wp\/v2\/pages\/1371\/revisions\/1604"}],"wp:attachment":[{"href":"https:\/\/gata.ese.ipp.pt\/index.php?rest_route=%2Fwp%2Fv2%2Fmedia&parent=1371"}],"curies":[{"name":"wp","href":"https:\/\/api.w.org\/{rel}","templated":true}]}}