{"id":1387,"date":"2026-01-14T11:56:10","date_gmt":"2026-01-14T11:56:10","guid":{"rendered":"https:\/\/gata.ese.ipp.pt\/?page_id=1387"},"modified":"2026-01-20T15:36:51","modified_gmt":"2026-01-20T15:36:51","slug":"organizacao","status":"publish","type":"page","link":"https:\/\/gata.ese.ipp.pt\/?page_id=1387","title":{"rendered":"Organiza\u00e7\u00e3o"},"content":{"rendered":"\t\t<div data-elementor-type=\"wp-page\" data-elementor-id=\"1387\" class=\"elementor elementor-1387\">\n\t\t\t\t<div class=\"elementor-element elementor-element-e0690ef e-flex e-con-boxed e-con e-parent\" data-id=\"e0690ef\" data-element_type=\"container\" data-e-type=\"container\">\n\t\t\t\t\t<div class=\"e-con-inner\">\n\t\t\t\t<div class=\"elementor-element elementor-element-1751d1d elementor-widget elementor-widget-button\" data-id=\"1751d1d\" data-element_type=\"widget\" data-e-type=\"widget\" data-widget_type=\"button.default\">\n\t\t\t\t<div class=\"elementor-widget-container\">\n\t\t\t\t\t\t\t\t\t<div class=\"elementor-button-wrapper\">\n\t\t\t\t\t<a class=\"elementor-button elementor-button-link elementor-size-sm\" href=\"https:\/\/gata.ese.ipp.pt\/?page_id=1371\">\n\t\t\t\t\t\t<span class=\"elementor-button-content-wrapper\">\n\t\t\t\t\t\t\t\t\t<span class=\"elementor-button-text\">In\u00edcio<\/span>\n\t\t\t\t\t<\/span>\n\t\t\t\t\t<\/a>\n\t\t\t\t<\/div>\n\t\t\t\t\t\t\t\t<\/div>\n\t\t\t\t<\/div>\n\t\t\t\t<div class=\"elementor-element elementor-element-e3f8422 elementor-widget elementor-widget-button\" data-id=\"e3f8422\" data-element_type=\"widget\" data-e-type=\"widget\" data-widget_type=\"button.default\">\n\t\t\t\t<div class=\"elementor-widget-container\">\n\t\t\t\t\t\t\t\t\t<div class=\"elementor-button-wrapper\">\n\t\t\t\t\t<a class=\"elementor-button elementor-button-link elementor-size-sm\" href=\"https:\/\/gata.ese.ipp.pt\/?page_id=1418\">\n\t\t\t\t\t\t<span class=\"elementor-button-content-wrapper\">\n\t\t\t\t\t\t\t\t\t<span class=\"elementor-button-text\">Programa<\/span>\n\t\t\t\t\t<\/span>\n\t\t\t\t\t<\/a>\n\t\t\t\t<\/div>\n\t\t\t\t\t\t\t\t<\/div>\n\t\t\t\t<\/div>\n\t\t\t\t<div class=\"elementor-element elementor-element-66038d2 elementor-widget elementor-widget-button\" data-id=\"66038d2\" data-element_type=\"widget\" data-e-type=\"widget\" data-widget_type=\"button.default\">\n\t\t\t\t<div class=\"elementor-widget-container\">\n\t\t\t\t\t\t\t\t\t<div class=\"elementor-button-wrapper\">\n\t\t\t\t\t<a class=\"elementor-button elementor-button-link elementor-size-sm\" href=\"https:\/\/gata.ese.ipp.pt\/?page_id=1387\">\n\t\t\t\t\t\t<span class=\"elementor-button-content-wrapper\">\n\t\t\t\t\t\t\t\t\t<span class=\"elementor-button-text\">Organiza\u00e7\u00e3o<\/span>\n\t\t\t\t\t<\/span>\n\t\t\t\t\t<\/a>\n\t\t\t\t<\/div>\n\t\t\t\t\t\t\t\t<\/div>\n\t\t\t\t<\/div>\n\t\t\t\t<div class=\"elementor-element elementor-element-a00a444 elementor-widget elementor-widget-button\" data-id=\"a00a444\" data-element_type=\"widget\" data-e-type=\"widget\" data-widget_type=\"button.default\">\n\t\t\t\t<div class=\"elementor-widget-container\">\n\t\t\t\t\t\t\t\t\t<div class=\"elementor-button-wrapper\">\n\t\t\t\t\t<a class=\"elementor-button elementor-button-link elementor-size-sm\" href=\"https:\/\/gata.ese.ipp.pt\/?page_id=1388\">\n\t\t\t\t\t\t<span class=\"elementor-button-content-wrapper\">\n\t\t\t\t\t\t\t\t\t<span class=\"elementor-button-text\">Submiss\u00e3o de resumos<\/span>\n\t\t\t\t\t<\/span>\n\t\t\t\t\t<\/a>\n\t\t\t\t<\/div>\n\t\t\t\t\t\t\t\t<\/div>\n\t\t\t\t<\/div>\n\t\t\t\t<div class=\"elementor-element elementor-element-64a89f4 elementor-widget elementor-widget-button\" data-id=\"64a89f4\" data-element_type=\"widget\" data-e-type=\"widget\" data-widget_type=\"button.default\">\n\t\t\t\t<div class=\"elementor-widget-container\">\n\t\t\t\t\t\t\t\t\t<div class=\"elementor-button-wrapper\">\n\t\t\t\t\t<a class=\"elementor-button elementor-button-link elementor-size-sm\" href=\"https:\/\/gata.ese.ipp.pt\/?page_id=1386\">\n\t\t\t\t\t\t<span class=\"elementor-button-content-wrapper\">\n\t\t\t\t\t\t\t\t\t<span class=\"elementor-button-text\">Inscri\u00e7\u00e3o<\/span>\n\t\t\t\t\t<\/span>\n\t\t\t\t\t<\/a>\n\t\t\t\t<\/div>\n\t\t\t\t\t\t\t\t<\/div>\n\t\t\t\t<\/div>\n\t\t\t\t\t<\/div>\n\t\t\t\t<\/div>\n\t\t<div class=\"elementor-element elementor-element-1ce1386 e-flex e-con-boxed e-con e-parent\" data-id=\"1ce1386\" data-element_type=\"container\" data-e-type=\"container\">\n\t\t\t\t\t<div class=\"e-con-inner\">\n\t\t\t\t<div class=\"elementor-element elementor-element-a632710 elementor-widget elementor-widget-image\" data-id=\"a632710\" data-element_type=\"widget\" data-e-type=\"widget\" data-widget_type=\"image.default\">\n\t\t\t\t<div class=\"elementor-widget-container\">\n\t\t\t\t\t\t\t\t\t\t\t\t\t\t\t<img fetchpriority=\"high\" decoding=\"async\" width=\"954\" height=\"545\" src=\"https:\/\/gata.ese.ipp.pt\/wp-content\/uploads\/2026\/01\/GATA_2-1024x585.png\" class=\"attachment-large size-large wp-image-1493\" alt=\"\" srcset=\"https:\/\/gata.ese.ipp.pt\/wp-content\/uploads\/2026\/01\/GATA_2-1024x585.png 1024w, https:\/\/gata.ese.ipp.pt\/wp-content\/uploads\/2026\/01\/GATA_2-300x171.png 300w, https:\/\/gata.ese.ipp.pt\/wp-content\/uploads\/2026\/01\/GATA_2-768x439.png 768w, https:\/\/gata.ese.ipp.pt\/wp-content\/uploads\/2026\/01\/GATA_2-954x545.png 954w, https:\/\/gata.ese.ipp.pt\/wp-content\/uploads\/2026\/01\/GATA_2.png 1344w\" sizes=\"(max-width: 954px) 100vw, 954px\" \/>\t\t\t\t\t\t\t\t\t\t\t\t\t\t\t<\/div>\n\t\t\t\t<\/div>\n\t\t\t\t\t<\/div>\n\t\t\t\t<\/div>\n\t\t<div class=\"elementor-element elementor-element-85a4ebd e-flex e-con-boxed e-con e-parent\" data-id=\"85a4ebd\" data-element_type=\"container\" data-e-type=\"container\">\n\t\t\t\t\t<div class=\"e-con-inner\">\n\t\t\t\t<div class=\"elementor-element elementor-element-a075e85 elementor-widget elementor-widget-text-editor\" data-id=\"a075e85\" data-element_type=\"widget\" data-e-type=\"widget\" data-widget_type=\"text-editor.default\">\n\t\t\t\t<div class=\"elementor-widget-container\">\n\t\t\t\t\t\t\t\t\t<p><strong style=\"color: #333333; font-size: 1.125rem;\">COMISS\u00c3O ORGANIZADORA<\/strong><\/p>\t\t\t\t\t\t\t\t<\/div>\n\t\t\t\t<\/div>\n\t\t\t\t\t<\/div>\n\t\t\t\t<\/div>\n\t\t<div class=\"elementor-element elementor-element-06b2f97 e-flex e-con-boxed e-con e-parent\" data-id=\"06b2f97\" data-element_type=\"container\" data-e-type=\"container\">\n\t\t\t\t\t<div class=\"e-con-inner\">\n\t\t<div class=\"elementor-element elementor-element-f5085ee e-con-full e-flex e-con e-child\" data-id=\"f5085ee\" data-element_type=\"container\" data-e-type=\"container\">\n\t\t\t\t<div class=\"elementor-element elementor-element-68f6e05 elementor-widget elementor-widget-text-editor\" data-id=\"68f6e05\" data-element_type=\"widget\" data-e-type=\"widget\" data-widget_type=\"text-editor.default\">\n\t\t\t\t<div class=\"elementor-widget-container\">\n\t\t\t\t\t\t\t\t\t<p>Aldina Silva [docente da ESE]<\/p><p>Ana Cristina Macedo [docente da ESE]<br \/><br \/>Ana Pato [estudante da ESE]<\/p><p>\u00c2ngela Machado [estudante da ESE]<\/p><p>Ant\u00f3nio Silva [docente da ESE]<\/p><p>Beatriz Silva [estudante da ESE]<\/p><p>Bruna Concei\u00e7\u00e3o [estudante da ESE]<\/p><p>Carla Serr\u00e3o [docente da ESE]<\/p><p>Catarina Vasconcelos [estudante da ESE]<\/p><p>Fabiana Lucart [estudante da ESE]<\/p><p>Fernando Santos [docente da ESE]<\/p><p>Francisca Dias [estudante da ESE]<\/p><p>Hugo Monteiro [docente da ESE]<\/p><p>In\u00eas Oliveira [docente da ESE]<\/p><p>Isabel Tim\u00f3teo [docente da ESE]<\/p><p>Joana Gomes [docente da ESE]<\/p><p>Jo\u00e3o Delgado [docente da ESE]<\/p><p>Lia Pinto [estudante da ESE]<\/p><p>Lucie Bagulho [docente da ESE]<\/p><p>Manuel Bernardo Canha [docente da ESE]<\/p><p>M\u00e1rcia Cardoso [docente da ESE]<\/p><p>Margarida Gon\u00e7alves [estudante da ESE]<\/p>\t\t\t\t\t\t\t\t<\/div>\n\t\t\t\t<\/div>\n\t\t\t\t<\/div>\n\t\t<div class=\"elementor-element elementor-element-82dabee e-con-full e-flex e-con e-child\" data-id=\"82dabee\" data-element_type=\"container\" data-e-type=\"container\">\n\t\t\t\t<div class=\"elementor-element elementor-element-c74499c elementor-widget elementor-widget-text-editor\" data-id=\"c74499c\" data-element_type=\"widget\" data-e-type=\"widget\" data-widget_type=\"text-editor.default\">\n\t\t\t\t<div class=\"elementor-widget-container\">\n\t\t\t\t\t\t\t\t\t<p>Maria Dias [estudante da ESE]<\/p>\n<p>Maria Manuela Lopes [docente da ESE]<\/p>\n<p>Maria Monteiro [docente da ESE]<\/p>\n<p>Mariana Casanova [docente da ESE]<\/p>\n<p>Mariana Moita [estudante da ESE]<\/p>\n<p>Marta Ferreira [docente da ESE]<\/p>\n<p>Marta Saracho-Arnaiz [docente da ESE]<\/p>\n<p>Patricia Antunes [estudante da ESE]<\/p>\n<p>Pedro Duarte [docente da ESE]<\/p>\n<p>Poliksena Hardalova [docente da ESE]<\/p>\n<p>Raquel Carneiro [docente da ESE]<\/p>\n<p>Rita Ferraz [estudante da ESE]<\/p>\n<p>Rosa Barros [docente da ESE]<\/p>\n<p>Rui Pinto [docente da ESE]<\/p>\n<p>Susana Barbosa [docente da ESE]<\/p>\n<p>Susana Silva [docente da ESE]<\/p>\n<p>S\u00e9rgio Coelho [docente da ESE]<\/p>\n<p>S\u00f3nia Barbosa [docente da ESE]<\/p>\n<p>S\u00f3nia Moreira [docente da ESE]<\/p>\n<p>Teresa Martins [docente da ESE]<\/p>\n<p>Vanessa Esteves [docente da ESE]<\/p>\n<p>Violeta Magalh\u00e3es [docente da ESE]<\/p>\t\t\t\t\t\t\t\t<\/div>\n\t\t\t\t<\/div>\n\t\t\t\t<\/div>\n\t\t\t\t\t<\/div>\n\t\t\t\t<\/div>\n\t\t\t\t<\/div>\n\t\t","protected":false},"excerpt":{"rendered":"<p>In\u00edcio Programa Organiza\u00e7\u00e3o Submiss\u00e3o de resumos Inscri\u00e7\u00e3o COMISS\u00c3O ORGANIZADORA Aldina Silva [docente da ESE] Ana Cristina Macedo [docente da ESE] Ana Pato [estudante da ESE] \u00c2ngela Machado [estudante da ESE] Ant\u00f3nio Silva [docente da ESE] Beatriz Silva [estudante da ESE] Bruna Concei\u00e7\u00e3o [estudante da ESE] Carla Serr\u00e3o [docente da ESE] Catarina Vasconcelos [estudante da ESE] &hellip; <a href=\"https:\/\/gata.ese.ipp.pt\/?page_id=1387\" class=\"more-link\">Continue reading<span class=\"screen-reader-text\"> &#8220;Organiza\u00e7\u00e3o&#8221;<\/span><\/a><\/p>\n","protected":false},"author":2,"featured_media":0,"parent":1371,"menu_order":0,"comment_status":"closed","ping_status":"closed","template":"template-full-width-page.php","meta":{"footnotes":""},"class_list":["post-1387","page","type-page","status-publish","hentry"],"_links":{"self":[{"href":"https:\/\/gata.ese.ipp.pt\/index.php?rest_route=\/wp\/v2\/pages\/1387","targetHints":{"allow":["GET"]}}],"collection":[{"href":"https:\/\/gata.ese.ipp.pt\/index.php?rest_route=\/wp\/v2\/pages"}],"about":[{"href":"https:\/\/gata.ese.ipp.pt\/index.php?rest_route=\/wp\/v2\/types\/page"}],"author":[{"embeddable":true,"href":"https:\/\/gata.ese.ipp.pt\/index.php?rest_route=\/wp\/v2\/users\/2"}],"replies":[{"embeddable":true,"href":"https:\/\/gata.ese.ipp.pt\/index.php?rest_route=%2Fwp%2Fv2%2Fcomments&post=1387"}],"version-history":[{"count":31,"href":"https:\/\/gata.ese.ipp.pt\/index.php?rest_route=\/wp\/v2\/pages\/1387\/revisions"}],"predecessor-version":[{"id":1610,"href":"https:\/\/gata.ese.ipp.pt\/index.php?rest_route=\/wp\/v2\/pages\/1387\/revisions\/1610"}],"up":[{"embeddable":true,"href":"https:\/\/gata.ese.ipp.pt\/index.php?rest_route=\/wp\/v2\/pages\/1371"}],"wp:attachment":[{"href":"https:\/\/gata.ese.ipp.pt\/index.php?rest_route=%2Fwp%2Fv2%2Fmedia&parent=1387"}],"curies":[{"name":"wp","href":"https:\/\/api.w.org\/{rel}","templated":true}]}}