{"id":1388,"date":"2026-01-14T11:57:42","date_gmt":"2026-01-14T11:57:42","guid":{"rendered":"https:\/\/gata.ese.ipp.pt\/?page_id=1388"},"modified":"2026-01-20T15:46:28","modified_gmt":"2026-01-20T15:46:28","slug":"submissao-de-resumos","status":"publish","type":"page","link":"https:\/\/gata.ese.ipp.pt\/?page_id=1388","title":{"rendered":"Submiss\u00e3o de Resumos"},"content":{"rendered":"\t\t<div data-elementor-type=\"wp-page\" data-elementor-id=\"1388\" class=\"elementor elementor-1388\">\n\t\t\t\t<div class=\"elementor-element elementor-element-3ea6861 e-flex e-con-boxed e-con e-parent\" data-id=\"3ea6861\" data-element_type=\"container\" data-e-type=\"container\">\n\t\t\t\t\t<div class=\"e-con-inner\">\n\t\t\t\t<div class=\"elementor-element elementor-element-5510608 elementor-widget elementor-widget-button\" data-id=\"5510608\" data-element_type=\"widget\" data-e-type=\"widget\" data-widget_type=\"button.default\">\n\t\t\t\t<div class=\"elementor-widget-container\">\n\t\t\t\t\t\t\t\t\t<div class=\"elementor-button-wrapper\">\n\t\t\t\t\t<a class=\"elementor-button elementor-button-link elementor-size-sm\" href=\"https:\/\/gata.ese.ipp.pt\/?page_id=1388\">\n\t\t\t\t\t\t<span class=\"elementor-button-content-wrapper\">\n\t\t\t\t\t\t\t\t\t<span class=\"elementor-button-text\">In\u00edcio<\/span>\n\t\t\t\t\t<\/span>\n\t\t\t\t\t<\/a>\n\t\t\t\t<\/div>\n\t\t\t\t\t\t\t\t<\/div>\n\t\t\t\t<\/div>\n\t\t\t\t<div class=\"elementor-element elementor-element-f5996d3 elementor-widget elementor-widget-button\" data-id=\"f5996d3\" data-element_type=\"widget\" data-e-type=\"widget\" data-widget_type=\"button.default\">\n\t\t\t\t<div class=\"elementor-widget-container\">\n\t\t\t\t\t\t\t\t\t<div class=\"elementor-button-wrapper\">\n\t\t\t\t\t<a class=\"elementor-button elementor-button-link elementor-size-sm\" href=\"https:\/\/gata.ese.ipp.pt\/?page_id=1418\">\n\t\t\t\t\t\t<span class=\"elementor-button-content-wrapper\">\n\t\t\t\t\t\t\t\t\t<span class=\"elementor-button-text\">Programa<\/span>\n\t\t\t\t\t<\/span>\n\t\t\t\t\t<\/a>\n\t\t\t\t<\/div>\n\t\t\t\t\t\t\t\t<\/div>\n\t\t\t\t<\/div>\n\t\t\t\t<div class=\"elementor-element elementor-element-1918297 elementor-widget elementor-widget-button\" data-id=\"1918297\" data-element_type=\"widget\" data-e-type=\"widget\" data-widget_type=\"button.default\">\n\t\t\t\t<div class=\"elementor-widget-container\">\n\t\t\t\t\t\t\t\t\t<div class=\"elementor-button-wrapper\">\n\t\t\t\t\t<a class=\"elementor-button elementor-button-link elementor-size-sm\" href=\"https:\/\/gata.ese.ipp.pt\/?page_id=1387\">\n\t\t\t\t\t\t<span class=\"elementor-button-content-wrapper\">\n\t\t\t\t\t\t\t\t\t<span class=\"elementor-button-text\">Organiza\u00e7\u00e3o<\/span>\n\t\t\t\t\t<\/span>\n\t\t\t\t\t<\/a>\n\t\t\t\t<\/div>\n\t\t\t\t\t\t\t\t<\/div>\n\t\t\t\t<\/div>\n\t\t\t\t<div class=\"elementor-element elementor-element-26e37f9 elementor-widget elementor-widget-button\" data-id=\"26e37f9\" data-element_type=\"widget\" data-e-type=\"widget\" data-widget_type=\"button.default\">\n\t\t\t\t<div class=\"elementor-widget-container\">\n\t\t\t\t\t\t\t\t\t<div class=\"elementor-button-wrapper\">\n\t\t\t\t\t<a class=\"elementor-button elementor-button-link elementor-size-sm\" href=\"https:\/\/gata.ese.ipp.pt\/?page_id=1388\">\n\t\t\t\t\t\t<span class=\"elementor-button-content-wrapper\">\n\t\t\t\t\t\t\t\t\t<span class=\"elementor-button-text\">Submiss\u00e3o de resumos<\/span>\n\t\t\t\t\t<\/span>\n\t\t\t\t\t<\/a>\n\t\t\t\t<\/div>\n\t\t\t\t\t\t\t\t<\/div>\n\t\t\t\t<\/div>\n\t\t\t\t<div class=\"elementor-element elementor-element-a60b5b3 elementor-widget elementor-widget-button\" data-id=\"a60b5b3\" data-element_type=\"widget\" data-e-type=\"widget\" data-widget_type=\"button.default\">\n\t\t\t\t<div class=\"elementor-widget-container\">\n\t\t\t\t\t\t\t\t\t<div class=\"elementor-button-wrapper\">\n\t\t\t\t\t<a class=\"elementor-button elementor-button-link elementor-size-sm\" href=\"https:\/\/gata.ese.ipp.pt\/?page_id=1386\">\n\t\t\t\t\t\t<span class=\"elementor-button-content-wrapper\">\n\t\t\t\t\t\t\t\t\t<span class=\"elementor-button-text\">Inscri\u00e7\u00e3o<\/span>\n\t\t\t\t\t<\/span>\n\t\t\t\t\t<\/a>\n\t\t\t\t<\/div>\n\t\t\t\t\t\t\t\t<\/div>\n\t\t\t\t<\/div>\n\t\t\t\t\t<\/div>\n\t\t\t\t<\/div>\n\t\t<div class=\"elementor-element elementor-element-dbeebf5 e-flex e-con-boxed e-con e-parent\" data-id=\"dbeebf5\" data-element_type=\"container\" data-e-type=\"container\">\n\t\t\t\t\t<div class=\"e-con-inner\">\n\t\t\t\t<div class=\"elementor-element elementor-element-5fa0d3b elementor-widget elementor-widget-image\" data-id=\"5fa0d3b\" data-element_type=\"widget\" data-e-type=\"widget\" data-widget_type=\"image.default\">\n\t\t\t\t<div class=\"elementor-widget-container\">\n\t\t\t\t\t\t\t\t\t\t\t\t\t\t\t<img fetchpriority=\"high\" decoding=\"async\" width=\"954\" height=\"545\" src=\"https:\/\/gata.ese.ipp.pt\/wp-content\/uploads\/2026\/01\/GATA_2-1024x585.png\" class=\"attachment-large size-large wp-image-1493\" alt=\"\" srcset=\"https:\/\/gata.ese.ipp.pt\/wp-content\/uploads\/2026\/01\/GATA_2-1024x585.png 1024w, https:\/\/gata.ese.ipp.pt\/wp-content\/uploads\/2026\/01\/GATA_2-300x171.png 300w, https:\/\/gata.ese.ipp.pt\/wp-content\/uploads\/2026\/01\/GATA_2-768x439.png 768w, https:\/\/gata.ese.ipp.pt\/wp-content\/uploads\/2026\/01\/GATA_2-954x545.png 954w, https:\/\/gata.ese.ipp.pt\/wp-content\/uploads\/2026\/01\/GATA_2.png 1344w\" sizes=\"(max-width: 954px) 100vw, 954px\" \/>\t\t\t\t\t\t\t\t\t\t\t\t\t\t\t<\/div>\n\t\t\t\t<\/div>\n\t\t\t\t\t<\/div>\n\t\t\t\t<\/div>\n\t\t<div class=\"elementor-element elementor-element-5744161 e-flex e-con-boxed e-con e-parent\" data-id=\"5744161\" data-element_type=\"container\" data-e-type=\"container\">\n\t\t\t\t\t<div class=\"e-con-inner\">\n\t\t\t\t<div class=\"elementor-element elementor-element-f3576d4 elementor-widget elementor-widget-text-editor\" data-id=\"f3576d4\" data-element_type=\"widget\" data-e-type=\"widget\" data-widget_type=\"text-editor.default\">\n\t\t\t\t<div class=\"elementor-widget-container\">\n\t\t\t\t\t\t\t\t\t<p style=\"text-align: justify;\">As realidades sociais \u2014 e consequentemente art\u00edsticas, culturais, lingu\u00edsticas e educativas \u2014 s\u00e3o marcadas por uma complexidade inerente que comporta dimens\u00f5es mais ocultas e invis\u00edveis, condicionando o modo como os diferentes agentes experienciam essas realidades. Este semin\u00e1rio prop\u00f5e-se discutir como o vis\u00edvel e o invis\u00edvel interagem no trabalho acad\u00e9mico, reconhecendo que a investiga\u00e7\u00e3o e a pr\u00e1tica pedag\u00f3gica podem iluminar dom\u00ednios marginalizados ou, inversamente, perpetuar a sua oculta\u00e7\u00e3o. <br \/><br \/>Pretende-se criar um espa\u00e7o de reflex\u00e3o cr\u00edtica sobre (in)visibilidades epist\u00e9micas, art\u00edsticas, sociais, lingu\u00edsticas e pedag\u00f3gicas, considerando diferentes estruturas de exclus\u00e3o e inclus\u00e3o.<\/p>\n<p style=\"text-align: justify;\">Convidamos todas e todos a participar e a contribuir para este momento de partilha, que procurar\u00e1, em conjunto, pensar e construir alternativas para uma educa\u00e7\u00e3o que responda aos desafios do nosso tempo.<\/p>\n\t\t\t\t\t\t\t\t<\/div>\n\t\t\t\t<\/div>\n\t\t\t\t\t<\/div>\n\t\t\t\t<\/div>\n\t\t<div class=\"elementor-element elementor-element-3a94bf52 e-flex e-con-boxed e-con e-parent\" data-id=\"3a94bf52\" data-element_type=\"container\" data-e-type=\"container\">\n\t\t\t\t\t<div class=\"e-con-inner\">\n\t\t\t\t<div class=\"elementor-element elementor-element-70c9276d elementor-widget elementor-widget-text-editor\" data-id=\"70c9276d\" data-element_type=\"widget\" data-e-type=\"widget\" data-widget_type=\"text-editor.default\">\n\t\t\t\t<div class=\"elementor-widget-container\">\n\t\t\t\t\t\t\t\t\t<p><\/p>\n<p><\/p>\n<div class=\"is-layout-flex wp-block-buttons-is-layout-flex\">\n<p><\/p>\n<p><\/p>\n<h2><strong>EIXOS TEM\u00c1TICOS<\/strong><\/h2>\n<p><\/p>\n<p><\/p>\n<p><b>Eixo 1: Pluralidade(s) culturais e lingu\u00edsticas no espa\u00e7o acad\u00e9mico<\/b><\/p>\n<p style=\"text-align: justify;\">Este eixo acolhe trabalhos que visibilizem vozes, saberes e experi\u00eancias frequentemente marginalizados ou silenciados nos contextos acad\u00e9micos. Apela-se \u00e0 submiss\u00e3o de propostas que explorem os desafios epist\u00e9micos e metodol\u00f3gicos de pensar criativamente a investiga\u00e7\u00e3o, as viv\u00eancias de estudantes e docentes em mobilidade internacional, e o modo como a academia (in)visibiliza comunidades migrantes e falantes de l\u00ednguas minorit\u00e1rias. Incentiva-se a reflex\u00e3o cr\u00edtica sobre gestos, palavras e saberes n\u00e3o hegem\u00f3nicos que podem desafiar e transformar o trabalho acad\u00e9mico, assim como a partilha de pr\u00e1ticas que atendam \u00e0(s) pluralidade(s) culturais e lingu\u00edsticas.<\/p>\n<p><b> <\/b><\/p>\n<p><b>Eixo 2: (In)acessibilidades na participa\u00e7\u00e3o socioeducativa, cultural e desportiva<\/b><\/p>\n<p style=\"text-align: justify;\">Neste eixo incluem-se propostas que tornem vis\u00edveis os obst\u00e1culos estruturais \u00e0 plena participa\u00e7\u00e3o, tanto no ensino superior como em contextos sociais mais alargados. Convida-se \u00e0 apresenta\u00e7\u00e3o de trabalhos que abordem as especificidades da participa\u00e7\u00e3o de grupos sub-representados, por exemplo, estudantes-trabalhadoras e estudantes-trabalhadores e outros que v\u00eam a sua participa\u00e7\u00e3o comprometida por condicionantes socioecon\u00f3micas e culturais, de g\u00e9nero e identidade, de (baixa) escolariza\u00e7\u00e3o, e por necessidades educativas associadas a particularidades motoras, sensoriais e cognitivas. Este eixo pretende ainda discutir criticamente as din\u00e2micas institucionais de invisibiliza\u00e7\u00e3o, privilegiando uma sensibilidade \u00e9tica comprometida com a democratiza\u00e7\u00e3o do conhecimento, assim como visibilizar pr\u00e1ticas e fatores promotores da participa\u00e7\u00e3o socioeducativa, cultural e desportiva.<\/p>\n<p><b> <\/b><\/p>\n<p><b>Eixo 3: Pr\u00e1ticas pedag\u00f3gicas para a inclus\u00e3o<\/b><\/p>\n<p style=\"text-align: justify;\">Este eixo dedica-se a experi\u00eancias e investiga\u00e7\u00f5es que promovam pedagogias atentas \u00e0s vulnerabilidades e \u00e0 diversidade das m\u00faltiplas comunidades. Incentiva-se a partilha de trabalhos que reflitam sobre metodologias participativas, estrat\u00e9gias de diferencia\u00e7\u00e3o pedag\u00f3gica e dispositivos que favore\u00e7am o reconhecimento e valoriza\u00e7\u00e3o de todas as pessoas no processo educativo. Atrav\u00e9s deste eixo ser\u00e1 poss\u00edvel dar visibilidade a op\u00e7\u00f5es pedag\u00f3gicas transformadoras que criem experi\u00eancias educativas mais humanistas.<\/p>\n<p><b> <\/b><\/p>\n<p><b>Eixo 4: A Arte e a Cultura na (re)constru\u00e7\u00e3o de visibilidades<\/b><\/p>\n<p style=\"text-align: justify;\">Neste eixo acolhem-se propostas que explorem as m\u00faltiplas formas de express\u00e3o cultural e art\u00edstica como instrumentos de resist\u00eancia epist\u00e9mica e social. Convida-se \u00e0 reflex\u00e3o sobre como a cria\u00e7\u00e3o art\u00edstica, as manifesta\u00e7\u00f5es culturais e as pr\u00e1ticas performativas podem desafiar narrativas dominantes, conce\u00e7\u00f5es hegem\u00f3nicas e est\u00e9ticas normalizadas, conferindo destaque a formas de conhecimento e experi\u00eancias historicamente exclu\u00eddas ou desconsideradas, assim como visibilizar processos de cria\u00e7\u00e3o art\u00edstica e de promo\u00e7\u00e3o cultural participativos, potenciadores da inclus\u00e3o socioeducativa.<\/p>\n<p><b> <\/b><\/p>\n<p><b>Eixo 5: Dignidade humana, bem-estar e sa\u00fade mental<\/b><\/p>\n<p style=\"text-align: justify;\">Com este eixo pretende-se criar espa\u00e7o para discuss\u00f5es sobre os desafios crescentes relacionados com a amplitude da condi\u00e7\u00e3o humana. Incentiva-se a apresenta\u00e7\u00e3o de trabalhos que reflitam criticamente sobre pr\u00e1ticas institucionais, estrat\u00e9gias de cuidado coletivo, experi\u00eancias educativas, pr\u00e1ticas art\u00edsticas, desportivas e formas de organiza\u00e7\u00e3o que promovam o bem-estar integral e a plena dignidade de todas as pessoas.<\/p>\n<div style=\"color: #000000; background-color: #ffffff;\">\n<p><\/p>\n<p><\/p>\n<\/div>\n<p><!-- \/wp:group --><\/p>\t\t\t\t\t\t\t\t<\/div>\n\t\t\t\t<\/div>\n\t\t\t\t\t<\/div>\n\t\t\t\t<\/div>\n\t\t<div class=\"elementor-element elementor-element-0ebb8b3 e-flex e-con-boxed e-con e-parent\" data-id=\"0ebb8b3\" data-element_type=\"container\" data-e-type=\"container\">\n\t\t\t\t\t<div class=\"e-con-inner\">\n\t\t\t\t<div class=\"elementor-element elementor-element-8fe6f55 elementor-widget elementor-widget-text-editor\" data-id=\"8fe6f55\" data-element_type=\"widget\" data-e-type=\"widget\" data-widget_type=\"text-editor.default\">\n\t\t\t\t<div class=\"elementor-widget-container\">\n\t\t\t\t\t\t\t\t\t<h2><strong>Envio de resumos<\/strong><\/h2>\n<p style=\"text-align: justify;\">As submiss\u00f5es dever\u00e3o decorrer do trabalho realizado enquanto estudantes da ESE P.PORTO.<\/p>\n<p>\u00a0<\/p>\n<p><strong>Tipos de submiss\u00e3o:<\/strong><\/p>\n<ul>\n<li><strong>Comunica\u00e7\u00f5es<\/strong>, que poder\u00e3o ser estudos, relatos de experi\u00eancias, desenhos de investiga\u00e7\u00e3o ou propostas de interven\u00e7\u00e3o;<\/li>\n<li><strong>Apresenta\u00e7\u00f5es<\/strong>, como pe\u00e7as de teatro, coro(s), exposi\u00e7\u00f5es, etc.;<\/li>\n<li><strong>Oficinas art\u00edstico-motoras<\/strong>, como a\u00e7\u00f5es orientadas para a natureza expressiva subjacente ao trabalho art\u00edstico, motor e\/ou desportivo que envolvam a participa\u00e7\u00e3o ativa das e dos estudantes.<\/li>\n<\/ul>\n<p style=\"text-align: justify;\">As e os participantes no Semin\u00e1rio podem enviar os resumos devidamente integrados num dos eixos tem\u00e1ticos definidos, tendo em considera\u00e7\u00e3o as seguintes datas:<\/p>\n<ul>\n<li><strong>Envio de resumos<\/strong> para comunica\u00e7\u00f5es\/apresenta\u00e7\u00f5es ou oficinas art\u00edstico-motoras \u2013 <strong>at\u00e9 15 de fevereiro de 2026.<\/strong><\/li>\n<li>Comunica\u00e7\u00e3o de aceita\u00e7\u00e3o \u2013 at\u00e9 25 de fevereiro.<\/li>\n<\/ul>\n<p style=\"text-align: justify;\">O documento dever\u00e1 ser enviado atrav\u00e9s do <strong>seguinte formul\u00e1rio: <a href=\"https:\/\/forms.office.com\/e\/ZwA6dpzZ94\">https:\/\/forms.office.com\/e\/ZwA6dpzZ94<\/a>. <\/strong><\/p>\n<p>Na submiss\u00e3o, dever-se-\u00e1 incluir:<\/p>\n<ul>\n<li>T\u00edtulo;<\/li>\n<li>Eixo tem\u00e1tico;<\/li>\n<li>Autoras e autores \u2013 nome e endere\u00e7o eletr\u00f3nico;<\/li>\n<li>Indica\u00e7\u00e3o se \u00e9 resumo de uma comunica\u00e7\u00e3o, de uma apresenta\u00e7\u00e3o ou de uma oficina art\u00edstico-motora*;<\/li>\n<li>Resumo \u2013 entre 250 e 350 palavras (aproximadamente);<\/li>\n<li>Palavras-chave \u2212 no m\u00ednimo 3 e no m\u00e1ximo 5.<\/li>\n<\/ul>\n<p style=\"text-align: justify;\">*No caso de oficina art\u00edstico-motora especificar necessidades de espa\u00e7o, equipamento, materiais, n\u00famero limite de participantes e dura\u00e7\u00e3o 30m ou 1h<\/p>\t\t\t\t\t\t\t\t<\/div>\n\t\t\t\t<\/div>\n\t\t\t\t\t<\/div>\n\t\t\t\t<\/div>\n\t\t\t\t<\/div>\n\t\t","protected":false},"excerpt":{"rendered":"<p>In\u00edcio Programa Organiza\u00e7\u00e3o Submiss\u00e3o de resumos Inscri\u00e7\u00e3o As realidades sociais \u2014 e consequentemente art\u00edsticas, culturais, lingu\u00edsticas e educativas \u2014 s\u00e3o marcadas por uma complexidade inerente que comporta dimens\u00f5es mais ocultas e invis\u00edveis, condicionando o modo como os diferentes agentes experienciam essas realidades. Este semin\u00e1rio prop\u00f5e-se discutir como o vis\u00edvel e o invis\u00edvel interagem no trabalho &hellip; <a href=\"https:\/\/gata.ese.ipp.pt\/?page_id=1388\" class=\"more-link\">Continue reading<span class=\"screen-reader-text\"> &#8220;Submiss\u00e3o de Resumos&#8221;<\/span><\/a><\/p>\n","protected":false},"author":2,"featured_media":0,"parent":1371,"menu_order":0,"comment_status":"closed","ping_status":"closed","template":"template-full-width-page.php","meta":{"footnotes":""},"class_list":["post-1388","page","type-page","status-publish","hentry"],"_links":{"self":[{"href":"https:\/\/gata.ese.ipp.pt\/index.php?rest_route=\/wp\/v2\/pages\/1388","targetHints":{"allow":["GET"]}}],"collection":[{"href":"https:\/\/gata.ese.ipp.pt\/index.php?rest_route=\/wp\/v2\/pages"}],"about":[{"href":"https:\/\/gata.ese.ipp.pt\/index.php?rest_route=\/wp\/v2\/types\/page"}],"author":[{"embeddable":true,"href":"https:\/\/gata.ese.ipp.pt\/index.php?rest_route=\/wp\/v2\/users\/2"}],"replies":[{"embeddable":true,"href":"https:\/\/gata.ese.ipp.pt\/index.php?rest_route=%2Fwp%2Fv2%2Fcomments&post=1388"}],"version-history":[{"count":49,"href":"https:\/\/gata.ese.ipp.pt\/index.php?rest_route=\/wp\/v2\/pages\/1388\/revisions"}],"predecessor-version":[{"id":1624,"href":"https:\/\/gata.ese.ipp.pt\/index.php?rest_route=\/wp\/v2\/pages\/1388\/revisions\/1624"}],"up":[{"embeddable":true,"href":"https:\/\/gata.ese.ipp.pt\/index.php?rest_route=\/wp\/v2\/pages\/1371"}],"wp:attachment":[{"href":"https:\/\/gata.ese.ipp.pt\/index.php?rest_route=%2Fwp%2Fv2%2Fmedia&parent=1388"}],"curies":[{"name":"wp","href":"https:\/\/api.w.org\/{rel}","templated":true}]}}