{"id":1418,"date":"2026-01-14T12:06:22","date_gmt":"2026-01-14T12:06:22","guid":{"rendered":"https:\/\/gata.ese.ipp.pt\/?page_id=1418"},"modified":"2026-02-27T10:28:15","modified_gmt":"2026-02-27T10:28:15","slug":"programa","status":"publish","type":"page","link":"https:\/\/gata.ese.ipp.pt\/?page_id=1418","title":{"rendered":"Programa"},"content":{"rendered":"\t\t<div data-elementor-type=\"wp-page\" data-elementor-id=\"1418\" class=\"elementor elementor-1418\">\n\t\t\t\t\n<div class=\"wp-block-buttons\"><div class=\"elementor-element elementor-element-9282268 e-flex e-con-boxed e-con e-parent\" data-id=\"9282268\" data-element_type=\"container\" data-e-type=\"container\">\n\t\t\t\t\t<div class=\"e-con-inner\">\n\t\t\t\t<div class=\"elementor-element elementor-element-2fbcbf0 elementor-widget elementor-widget-button\" data-id=\"2fbcbf0\" data-element_type=\"widget\" data-e-type=\"widget\" data-widget_type=\"button.default\">\n\t\t\t\t<div class=\"elementor-widget-container\">\n\t\t\t\t\t\t\t\t\t<div class=\"elementor-button-wrapper\">\n\t\t\t\t\t<a class=\"elementor-button elementor-button-link elementor-size-sm\" href=\"https:\/\/gata.ese.ipp.pt\/?page_id=1371\">\n\t\t\t\t\t\t<span class=\"elementor-button-content-wrapper\">\n\t\t\t\t\t\t\t\t\t<span class=\"elementor-button-text\">In\u00edcio<\/span>\n\t\t\t\t\t<\/span>\n\t\t\t\t\t<\/a>\n\t\t\t\t<\/div>\n\t\t\t\t\t\t\t\t<\/div>\n\t\t\t\t<\/div>\n\t\t\t\t<div class=\"elementor-element elementor-element-304c8f1 elementor-widget elementor-widget-button\" data-id=\"304c8f1\" data-element_type=\"widget\" data-e-type=\"widget\" data-widget_type=\"button.default\">\n\t\t\t\t<div class=\"elementor-widget-container\">\n\t\t\t\t\t\t\t\t\t<div class=\"elementor-button-wrapper\">\n\t\t\t\t\t<a class=\"elementor-button elementor-button-link elementor-size-sm\" href=\"https:\/\/gata.ese.ipp.pt\/?page_id=1418\">\n\t\t\t\t\t\t<span class=\"elementor-button-content-wrapper\">\n\t\t\t\t\t\t\t\t\t<span class=\"elementor-button-text\">Programa<\/span>\n\t\t\t\t\t<\/span>\n\t\t\t\t\t<\/a>\n\t\t\t\t<\/div>\n\t\t\t\t\t\t\t\t<\/div>\n\t\t\t\t<\/div>\n\t\t\t\t<div class=\"elementor-element elementor-element-eecd73e elementor-widget elementor-widget-button\" data-id=\"eecd73e\" data-element_type=\"widget\" data-e-type=\"widget\" data-widget_type=\"button.default\">\n\t\t\t\t<div class=\"elementor-widget-container\">\n\t\t\t\t\t\t\t\t\t<div class=\"elementor-button-wrapper\">\n\t\t\t\t\t<a class=\"elementor-button elementor-button-link elementor-size-sm\" href=\"https:\/\/gata.ese.ipp.pt\/?page_id=1387\">\n\t\t\t\t\t\t<span class=\"elementor-button-content-wrapper\">\n\t\t\t\t\t\t\t\t\t<span class=\"elementor-button-text\">Organiza\u00e7\u00e3o<\/span>\n\t\t\t\t\t<\/span>\n\t\t\t\t\t<\/a>\n\t\t\t\t<\/div>\n\t\t\t\t\t\t\t\t<\/div>\n\t\t\t\t<\/div>\n\t\t\t\t<div class=\"elementor-element elementor-element-5cf9990 elementor-widget elementor-widget-button\" data-id=\"5cf9990\" data-element_type=\"widget\" data-e-type=\"widget\" data-widget_type=\"button.default\">\n\t\t\t\t<div class=\"elementor-widget-container\">\n\t\t\t\t\t\t\t\t\t<div class=\"elementor-button-wrapper\">\n\t\t\t\t\t<a class=\"elementor-button elementor-button-link elementor-size-sm\" href=\"https:\/\/gata.ese.ipp.pt\/?page_id=1388\">\n\t\t\t\t\t\t<span class=\"elementor-button-content-wrapper\">\n\t\t\t\t\t\t\t\t\t<span class=\"elementor-button-text\">Submiss\u00e3o de resumos<\/span>\n\t\t\t\t\t<\/span>\n\t\t\t\t\t<\/a>\n\t\t\t\t<\/div>\n\t\t\t\t\t\t\t\t<\/div>\n\t\t\t\t<\/div>\n\t\t\t\t<div class=\"elementor-element elementor-element-ecccbcb elementor-widget elementor-widget-button\" data-id=\"ecccbcb\" data-element_type=\"widget\" data-e-type=\"widget\" data-widget_type=\"button.default\">\n\t\t\t\t<div class=\"elementor-widget-container\">\n\t\t\t\t\t\t\t\t\t<div class=\"elementor-button-wrapper\">\n\t\t\t\t\t<a class=\"elementor-button elementor-button-link elementor-size-sm\" href=\"https:\/\/gata.ese.ipp.pt\/?page_id=1386\">\n\t\t\t\t\t\t<span class=\"elementor-button-content-wrapper\">\n\t\t\t\t\t\t\t\t\t<span class=\"elementor-button-text\">Inscri\u00e7\u00e3o<\/span>\n\t\t\t\t\t<\/span>\n\t\t\t\t\t<\/a>\n\t\t\t\t<\/div>\n\t\t\t\t\t\t\t\t<\/div>\n\t\t\t\t<\/div>\n\t\t\t\t\t<\/div>\n\t\t\t\t<\/div>\n\t\t<div class=\"elementor-element elementor-element-2e5518f e-flex e-con-boxed e-con e-parent\" data-id=\"2e5518f\" data-element_type=\"container\" data-e-type=\"container\">\n\t\t\t\t\t<div class=\"e-con-inner\">\n\t\t\t\t<div class=\"elementor-element elementor-element-5ff06bf elementor-widget elementor-widget-image\" data-id=\"5ff06bf\" data-element_type=\"widget\" data-e-type=\"widget\" data-widget_type=\"image.default\">\n\t\t\t\t<div class=\"elementor-widget-container\">\n\t\t\t\t\t\t\t\t\t\t\t\t\t\t\t<img fetchpriority=\"high\" decoding=\"async\" width=\"954\" height=\"545\" src=\"https:\/\/gata.ese.ipp.pt\/wp-content\/uploads\/2026\/01\/GATA_2-1024x585.png\" class=\"attachment-large size-large wp-image-1493\" alt=\"\" srcset=\"https:\/\/gata.ese.ipp.pt\/wp-content\/uploads\/2026\/01\/GATA_2-1024x585.png 1024w, https:\/\/gata.ese.ipp.pt\/wp-content\/uploads\/2026\/01\/GATA_2-300x171.png 300w, https:\/\/gata.ese.ipp.pt\/wp-content\/uploads\/2026\/01\/GATA_2-768x439.png 768w, https:\/\/gata.ese.ipp.pt\/wp-content\/uploads\/2026\/01\/GATA_2-954x545.png 954w, https:\/\/gata.ese.ipp.pt\/wp-content\/uploads\/2026\/01\/GATA_2.png 1344w\" sizes=\"(max-width: 954px) 100vw, 954px\" \/>\t\t\t\t\t\t\t\t\t\t\t\t\t\t\t<\/div>\n\t\t\t\t<\/div>\n\t\t\t\t<div class=\"elementor-element elementor-element-dfd47f8 elementor-align-center elementor-widget elementor-widget-button\" data-id=\"dfd47f8\" data-element_type=\"widget\" data-e-type=\"widget\" data-widget_type=\"button.default\">\n\t\t\t\t<div class=\"elementor-widget-container\">\n\t\t\t\t\t\t\t\t\t<div class=\"elementor-button-wrapper\">\n\t\t\t\t\t<a class=\"elementor-button elementor-button-link elementor-size-sm\" href=\"https:\/\/gata.ese.ipp.pt\/wp-content\/uploads\/2026\/02\/Programa.pdf\">\n\t\t\t\t\t\t<span class=\"elementor-button-content-wrapper\">\n\t\t\t\t\t\t\t\t\t<span class=\"elementor-button-text\">PROGRAMA DETALHADO<\/span>\n\t\t\t\t\t<\/span>\n\t\t\t\t\t<\/a>\n\t\t\t\t<\/div>\n\t\t\t\t\t\t\t\t<\/div>\n\t\t\t\t<\/div>\n\t\t<div class=\"elementor-element elementor-element-542df18b e-con-full e-flex e-con e-child\" data-id=\"542df18b\" data-element_type=\"container\" data-e-type=\"container\">\n\t\t\t\t<div class=\"elementor-element elementor-element-3962bc9d elementor-widget elementor-widget-text-editor\" data-id=\"3962bc9d\" data-element_type=\"widget\" data-e-type=\"widget\" data-widget_type=\"text-editor.default\">\n\t\t\t\t<div class=\"elementor-widget-container\">\n\t\t\t\t\t\t\t\t\t\n<div class=\"wp-block-buttons is-layout-flex wp-block-buttons-is-layout-flex\"><!-- wp:button {\"backgroundColor\":\"color-5\",\"textColor\":\"color-6\",\"className\":\"is-style-outline\"} --><\/div>\n<!-- wp:tadv\/classic-paragraph -->\n<h4 style=\"text-align: center;\"><strong>2 DE MAR\u00c7O<\/strong><\/h4>\n<table style=\"width: 105.637%; height: auto;\">\n<tbody>\n<tr style=\"height: 86px;\">\n<td style=\"width: 33.2886%; height: 86px;\" width=\"330\">\n<p>Sess\u00e3o de abertura<\/p>\n<\/td>\n<td style=\"width: 38.9262%; height: 86px;\" width=\"113\">\n<p>14:00-14:30<\/p>\n<\/td>\n<\/tr>\n<tr style=\"height: auto;\">\n<td style=\"width: 33.2886%; height: auto; background-color: #ffffff; border-bottom: none; padding-bottom: 0;\" width=\"330\">\n<p style=\"margin-bottom: 0;\">Confer\u00eancia inaugural<\/p>\n<\/td>\n<td style=\"width: 38.9262%; height: auto; background-color: #ffffff; border-style: none; border-bottom: none; padding-bottom: 0;\" width=\"113\">\n<p style=\"margin-bottom: 0;\">14:30-16:00<\/p>\n<\/td>\n<\/tr>\n<tr style=\"height: auto;\">\n<td style=\"width: 72.2148%; height: auto; border-top: none; padding-top: 0;\" colspan=\"2\">\n<p style=\"margin-top: 0px; text-align: left;\"><strong>Lic\u00ednio Lima<\/strong><em><br \/>Luzes e sombras no trabalho acad\u00e9mico: epistemologias plurais e politicidade da investiga\u00e7\u00e3o e da educa\u00e7\u00e3o<\/em><\/p>\n<\/td>\n<\/tr>\n<tr style=\"height: 86px;\">\n<td style=\"width: 33.2886%; height: 86px;\" width=\"330\">\n<p>Intervalo<\/p>\n<\/td>\n<td style=\"width: 38.9262%; height: 86px;\" width=\"113\">\n<p>16:00-16:30<\/p>\n<\/td>\n<\/tr>\n<tr style=\"height: 86px;\">\n<td style=\"width: 33.2886%; height: 86px;\" width=\"330\">\n<p>Apresenta\u00e7\u00e3o das sess\u00f5es paralelas<\/p>\n<\/td>\n<td style=\"width: 38.9262%; height: 86px;\" width=\"113\">\n<p>16:30-18:00<\/p>\n<\/td>\n<\/tr>\n<tr style=\"height: 86px;\">\n<td style=\"width: 33.2886%; height: 86px;\" width=\"330\">\n<p>Intervalo<\/p>\n<\/td>\n<td style=\"width: 38.9262%; height: 86px;\" width=\"113\">\n<p>18:00-18:30<\/p>\n<\/td>\n<\/tr>\n<tr style=\"height: 86px;\">\n<td style=\"width: 33.2886%; height: 86px;\" width=\"330\">\n<p>Apresenta\u00e7\u00e3o das sess\u00f5es paralelas<\/p>\n<\/td>\n<td style=\"width: 38.9262%; height: 86px;\" width=\"113\">\n<p>18:30-20:30<\/p>\n<\/td>\n<\/tr>\n<tr style=\"height: 165px;\">\n<td style=\"width: 72.2148%; height: 35px;\" colspan=\"2\" width=\"566\">\n<h4>\u00a0<\/h4>\n<h4 style=\"text-align: center;\"><strong>3 DE MAR\u00c7O<\/strong><\/h4>\n<\/td>\n<\/tr>\n<tr style=\"height: 114px;\">\n<td style=\"width: 33.2886%; height: 114px;\" width=\"330\">\n<p>Sess\u00f5es\/Oficinas de express\u00e3o art\u00edstico-motora<\/p>\n<\/td>\n<td style=\"width: 38.9262%; height: 114px;\" width=\"113\">\n<p>09:00-11:00<\/p>\n<\/td>\n<\/tr>\n<tr style=\"height: 86px;\">\n<td style=\"width: 33.2886%; height: 86px;\" width=\"330\">\n<p>Intervalo<\/p>\n<\/td>\n<td style=\"width: 38.9262%; height: 86px;\" width=\"113\">\n<p>11:00-11:30<\/p>\n<\/td>\n<\/tr>\n<tr style=\"height: 114px;\">\n<td style=\"width: 33.2886%; height: 114px;\" width=\"330\">\n<p>Sess\u00f5es\/Oficinas de express\u00e3o art\u00edstico-motora<\/p>\n<\/td>\n<td style=\"width: 38.9262%; height: 114px;\" width=\"113\">\n<p>11:30-13:00<\/p>\n<\/td>\n<\/tr>\n<tr style=\"height: 86px;\">\n<td style=\"width: 33.2886%; height: 86px;\">\n<p>\u00a0<\/p>\n<\/td>\n<td style=\"width: 38.9262%; height: 86px;\">\n<p>\u00a0<\/p>\n<\/td>\n<\/tr>\n<tr style=\"height: 86px;\">\n<td style=\"width: 33.2886%; height: 86px;\" width=\"330\">\n<p>Almo\u00e7o<\/p>\n<\/td>\n<td style=\"width: 38.9262%; height: 86px;\" width=\"113\">\n<p>13:00-14:30<\/p>\n<\/td>\n<\/tr>\n<tr style=\"height: 86px;\">\n<td style=\"width: 33.2886%; height: 86px;\">\n<p>\u00a0<\/p>\n<\/td>\n<td style=\"width: 38.9262%; height: 86px;\">\n<p>\u00a0<\/p>\n<\/td>\n<\/tr>\n<tr style=\"height: 86px;\">\n<td style=\"width: 33.2886%; height: 86px;\" width=\"330\">\n<p>Apresenta\u00e7\u00e3o das sess\u00f5es paralelas<\/p>\n<\/td>\n<td style=\"width: 38.9262%; height: 86px;\" width=\"113\">\n<p>14:30-16:30<\/p>\n<\/td>\n<\/tr>\n<tr style=\"height: 86px;\">\n<td style=\"width: 33.2886%; height: 86px;\" width=\"330\">\n<p>Intervalo<\/p>\n<\/td>\n<td style=\"width: 38.9262%; height: 86px;\" width=\"113\">\n<p>16:30-16:00<\/p>\n<\/td>\n<\/tr>\n<tr style=\"height: auto;\">\n<td style=\"width: 33.2886%; height: auto; border-bottom: none; padding-bottom: 0;\" width=\"330\">\n<p style=\"margin-bottom: 0;\">Confer\u00eancia plen\u00e1ria<\/p>\n<\/td>\n<td style=\"width: 38.9262%; height: auto; border-bottom: none; padding-bottom: 0;\" width=\"113\">\n<p style=\"margin-bottom: 0;\">17:00-18:30<\/p>\n<\/td>\n<\/tr>\n<tr style=\"height: auto;\">\n<td style=\"width: 33.2886%; height: auto; border-top: none; padding-top: 0;\" colspan=\"2\">\n<p style=\"margin-top: 0px; text-align: left;\"><strong>Suraya Shimano<\/strong><\/p>\n<\/td>\n<\/tr>\n<\/tbody>\n<\/table>\n<!-- \/wp:tadv\/classic-paragraph -->\n<p>\u00a0<\/p>\t\t\t\t\t\t\t\t<\/div>\n\t\t\t\t<\/div>\n\t\t\t\t<\/div>\n\t\t\t\t\t<\/div>\n\t\t\t\t<\/div>\n\t\t\t\t<\/div>\n\t\t","protected":false},"excerpt":{"rendered":"<p>In\u00edcio Programa Organiza\u00e7\u00e3o Submiss\u00e3o de resumos Inscri\u00e7\u00e3o PROGRAMA DETALHADO<\/p>\n","protected":false},"author":2,"featured_media":0,"parent":1371,"menu_order":1,"comment_status":"closed","ping_status":"closed","template":"template-full-width-page.php","meta":{"footnotes":""},"class_list":["post-1418","page","type-page","status-publish","hentry"],"_links":{"self":[{"href":"https:\/\/gata.ese.ipp.pt\/index.php?rest_route=\/wp\/v2\/pages\/1418","targetHints":{"allow":["GET"]}}],"collection":[{"href":"https:\/\/gata.ese.ipp.pt\/index.php?rest_route=\/wp\/v2\/pages"}],"about":[{"href":"https:\/\/gata.ese.ipp.pt\/index.php?rest_route=\/wp\/v2\/types\/page"}],"author":[{"embeddable":true,"href":"https:\/\/gata.ese.ipp.pt\/index.php?rest_route=\/wp\/v2\/users\/2"}],"replies":[{"embeddable":true,"href":"https:\/\/gata.ese.ipp.pt\/index.php?rest_route=%2Fwp%2Fv2%2Fcomments&post=1418"}],"version-history":[{"count":100,"href":"https:\/\/gata.ese.ipp.pt\/index.php?rest_route=\/wp\/v2\/pages\/1418\/revisions"}],"predecessor-version":[{"id":1689,"href":"https:\/\/gata.ese.ipp.pt\/index.php?rest_route=\/wp\/v2\/pages\/1418\/revisions\/1689"}],"up":[{"embeddable":true,"href":"https:\/\/gata.ese.ipp.pt\/index.php?rest_route=\/wp\/v2\/pages\/1371"}],"wp:attachment":[{"href":"https:\/\/gata.ese.ipp.pt\/index.php?rest_route=%2Fwp%2Fv2%2Fmedia&parent=1418"}],"curies":[{"name":"wp","href":"https:\/\/api.w.org\/{rel}","templated":true}]}}