{"id":362,"date":"2016-11-17T17:32:43","date_gmt":"2016-11-17T17:32:43","guid":{"rendered":"http:\/\/gata.ese.ipp.pt\/?page_id=362"},"modified":"2016-11-17T17:32:43","modified_gmt":"2016-11-17T17:32:43","slug":"sao-as-tuas-noticias","status":"publish","type":"page","link":"https:\/\/gata.ese.ipp.pt\/?page_id=362","title":{"rendered":"O que s\u00e3o &#8220;As tuas not\u00edcias?&#8221;"},"content":{"rendered":"<p>Trata-se de um espa\u00e7o virtual onde estudantes e docentes podem partilhar informa\u00e7\u00e3o que considerem pertinente.<\/p>\n<p>Trocando isto por \u201cmi\u00fados\u201d significa:<\/p>\n<ul>\n<li>Artigos de jornais ou revistas;<\/li>\n<li>Document\u00e1rios, filmes, v\u00eddeos;<\/li>\n<li>Desenhos, ilustra\u00e7\u00f5es, <em>cartoons<\/em>;<\/li>\n<li>Poemas, cr\u00f3nicas, narrativas;<\/li>\n<li>Fotografias, m\u00fasicas;<\/li>\n<li>Sites, blogues;<\/li>\n<li>Outros.<\/li>\n<\/ul>\n<p>\u00c9 importante referir que cada uma destas categorias <strong>deve chegar at\u00e9 n\u00f3s atrav\u00e9s do e-mail do G.A.T.A.<\/strong> (gata@ese.ipp.pt), sendo <strong>acompanhadas de uma cr\u00edtica ou nota pessoal<\/strong>.<\/p>\n<p>Aproveita esta oportunidade, d\u00e1 asas \u00e0 criatividade e o G.A.T.A. faz o resto!<\/p>\n","protected":false},"excerpt":{"rendered":"<p>Trata-se de um espa\u00e7o virtual onde estudantes e docentes podem partilhar informa\u00e7\u00e3o que considerem pertinente. Trocando isto por \u201cmi\u00fados\u201d significa: Artigos de jornais ou revistas; Document\u00e1rios, filmes, v\u00eddeos; Desenhos, ilustra\u00e7\u00f5es, cartoons; Poemas, cr\u00f3nicas, narrativas; Fotografias, m\u00fasicas; Sites, blogues; Outros. \u00c9 importante referir que cada uma destas categorias deve chegar at\u00e9 n\u00f3s atrav\u00e9s do e-mail do &hellip; <a href=\"https:\/\/gata.ese.ipp.pt\/?page_id=362\" class=\"more-link\">Continue reading<span class=\"screen-reader-text\"> &#8220;O que s\u00e3o &#8220;As tuas not\u00edcias?&#8221;&#8221;<\/span><\/a><\/p>\n","protected":false},"author":2,"featured_media":0,"parent":0,"menu_order":0,"comment_status":"closed","ping_status":"closed","template":"","meta":{"footnotes":""},"class_list":["post-362","page","type-page","status-publish","hentry"],"_links":{"self":[{"href":"https:\/\/gata.ese.ipp.pt\/index.php?rest_route=\/wp\/v2\/pages\/362","targetHints":{"allow":["GET"]}}],"collection":[{"href":"https:\/\/gata.ese.ipp.pt\/index.php?rest_route=\/wp\/v2\/pages"}],"about":[{"href":"https:\/\/gata.ese.ipp.pt\/index.php?rest_route=\/wp\/v2\/types\/page"}],"author":[{"embeddable":true,"href":"https:\/\/gata.ese.ipp.pt\/index.php?rest_route=\/wp\/v2\/users\/2"}],"replies":[{"embeddable":true,"href":"https:\/\/gata.ese.ipp.pt\/index.php?rest_route=%2Fwp%2Fv2%2Fcomments&post=362"}],"version-history":[{"count":1,"href":"https:\/\/gata.ese.ipp.pt\/index.php?rest_route=\/wp\/v2\/pages\/362\/revisions"}],"predecessor-version":[{"id":363,"href":"https:\/\/gata.ese.ipp.pt\/index.php?rest_route=\/wp\/v2\/pages\/362\/revisions\/363"}],"wp:attachment":[{"href":"https:\/\/gata.ese.ipp.pt\/index.php?rest_route=%2Fwp%2Fv2%2Fmedia&parent=362"}],"curies":[{"name":"wp","href":"https:\/\/api.w.org\/{rel}","templated":true}]}}