{"id":782,"date":"2018-11-09T12:21:38","date_gmt":"2018-11-09T12:21:38","guid":{"rendered":"http:\/\/gata.ese.ipp.pt\/?page_id=782"},"modified":"2018-11-28T17:08:57","modified_gmt":"2018-11-28T17:08:57","slug":"intervencao-na-comunidade","status":"publish","type":"page","link":"https:\/\/gata.ese.ipp.pt\/?page_id=782","title":{"rendered":"Na comunica\u00e7\u00e3o social"},"content":{"rendered":"<p style=\"font-weight: 400;\"><span style=\"font-style: inherit; font-weight: inherit;\"><em>N\u00e3o deixes para amanh\u00e3 o que podes fazer hoje ou n\u00e3o deixes para os outros o que \u00e9 importante para ti.<\/em><\/span><\/p>\n<p style=\"font-weight: 400;\"><span style=\"font-style: inherit; font-weight: inherit;\">Partimos do principio que o que \u00e9 importante para cada um de n\u00f3s n\u00e3o deve ser deixado ao acaso. Tudo o que fazemos neste grupo \u00e9 marcado pelo incentivo \u00e0 participa\u00e7\u00e3o na e com a \u00a0comunidade.<\/span><\/p>\n<p style=\"font-weight: 400;\"><span style=\"font-style: inherit; font-weight: inherit;\">Os lugares formais de ensino e de aprendizagem, tal como\u00a0aqueles em que a aprendizagem se faz naturalmente pela escuta, pela troca e pela comunica\u00e7\u00e3o e express\u00e3o, s\u00e3o lugares em que a criatividade\u00a0deve acontecer n\u00e3o como efeito mas como elemento fundamental de um sentimento de autoria e interven\u00e7\u00e3o de cada sujeito\u00a0<\/span><span style=\"font-style: inherit; font-weight: inherit;\">aprendente.<\/span><\/p>\n<p style=\"font-weight: 400;\"><span style=\"font-style: inherit; font-weight: inherit;\">Fica connosco que n\u00f3s estaremos sempre contigo!<\/span><\/p>\n","protected":false},"excerpt":{"rendered":"<p>N\u00e3o deixes para amanh\u00e3 o que podes fazer hoje ou n\u00e3o deixes para os outros o que \u00e9 importante para ti. Partimos do principio que o que \u00e9 importante para cada um de n\u00f3s n\u00e3o deve ser deixado ao acaso. Tudo o que fazemos neste grupo \u00e9 marcado pelo incentivo \u00e0 participa\u00e7\u00e3o na e com &hellip; <a href=\"https:\/\/gata.ese.ipp.pt\/?page_id=782\" class=\"more-link\">Continue reading<span class=\"screen-reader-text\"> &#8220;Na comunica\u00e7\u00e3o social&#8221;<\/span><\/a><\/p>\n","protected":false},"author":15,"featured_media":0,"parent":0,"menu_order":0,"comment_status":"closed","ping_status":"closed","template":"","meta":{"footnotes":""},"class_list":["post-782","page","type-page","status-publish","hentry"],"_links":{"self":[{"href":"https:\/\/gata.ese.ipp.pt\/index.php?rest_route=\/wp\/v2\/pages\/782","targetHints":{"allow":["GET"]}}],"collection":[{"href":"https:\/\/gata.ese.ipp.pt\/index.php?rest_route=\/wp\/v2\/pages"}],"about":[{"href":"https:\/\/gata.ese.ipp.pt\/index.php?rest_route=\/wp\/v2\/types\/page"}],"author":[{"embeddable":true,"href":"https:\/\/gata.ese.ipp.pt\/index.php?rest_route=\/wp\/v2\/users\/15"}],"replies":[{"embeddable":true,"href":"https:\/\/gata.ese.ipp.pt\/index.php?rest_route=%2Fwp%2Fv2%2Fcomments&post=782"}],"version-history":[{"count":3,"href":"https:\/\/gata.ese.ipp.pt\/index.php?rest_route=\/wp\/v2\/pages\/782\/revisions"}],"predecessor-version":[{"id":882,"href":"https:\/\/gata.ese.ipp.pt\/index.php?rest_route=\/wp\/v2\/pages\/782\/revisions\/882"}],"wp:attachment":[{"href":"https:\/\/gata.ese.ipp.pt\/index.php?rest_route=%2Fwp%2Fv2%2Fmedia&parent=782"}],"curies":[{"name":"wp","href":"https:\/\/api.w.org\/{rel}","templated":true}]}}